{"id":8437,"date":"2020-06-04T09:28:05","date_gmt":"2020-06-04T09:28:05","guid":{"rendered":"https:\/\/wynapsautos.com\/?page_id=8437"},"modified":"2023-08-14T17:49:28","modified_gmt":"2023-08-14T15:49:28","slug":"mentions-legales","status":"publish","type":"page","link":"https:\/\/wynapsautos.com\/index.php\/mentions-legales\/","title":{"rendered":"Mentions l\u00e9gales"},"content":{"rendered":"<p>[vc_row][vc_column]\t<div id=\"cd_space_69fb3a1a2f907\" class=\"cd-space cd-space-69fb3a1a2f922\" data-id=\"69fb3a1a2f906\" data-tablet=\"40\" data-tablet-portrait=\"30\" data-mobile=\"20\" data-mobile-portrait=\"10\" data-desktop=\"50\" style=\"clear:both; display:block;\"><\/div>\n\t[vc_column_text css=&#8221;.vc_custom_1591265414745{margin-bottom: 30px !important;}&#8221;]<\/p>\n<h5 class=\"text-red\">H\u00c9BERGEMENT DU SITE WEB<\/h5>\n<p><span class=\"ng-scope\" data-translate=\"legal-company-capital\"><span class=\"\">OVH\u00a0\u00a0<\/span><\/span><span class=\"ng-scope\" data-translate=\"legal-company-capital\"><span class=\"\">SAS au capital de 10 059 500 \u20ac<\/span><\/span><br \/>\n<span class=\"ng-scope\" data-translate=\"legal-company-registration\"><span class=\"\">RCS Lille M\u00e9tropole 424 761 419 00045<\/span><\/span><br \/>\n<span class=\"ng-scope\" data-translate=\"legal-company-ape\"><span class=\"\">Code APE 6202A<\/span><\/span><br \/>\n<span class=\"ng-scope\" data-translate=\"legal-company-vat\"><span class=\"\">N \u00b0 TVA: FR 22 424 761 419<\/span><\/span><\/p>\n<p><span class=\"ng-scope\" data-translate=\"legal-company-ape\">Si\u00e8ge social:<br \/>\n2 rue Kellermann<br \/>\n59100 Roubaix France<\/span>[\/vc_column_text][vc_column_text css=&#8221;.vc_custom_1591265425762{margin-bottom: 30px !important;}&#8221;]<\/p>\n<h5 class=\"text-red\">FONCTIONNEMENT DU SITE WEB<\/h5>\n<p>Le site wynapsautos.com est exploit\u00e9s par:<\/p>\n<p>WYNAPS sasu, au capital de 10 000 \u20ac sous le num\u00e9ro d&#8217;immatriculation 838 891 109 au RCS de Nantes.\u00a0Le si\u00e8ge social est situ\u00e9: 295, route des Landes de la Pl\u00e9e 44115 Basse Goulaine (num\u00e9ro de TVA: FR 94 838 891 109).<\/p>\n<p>Adresse e-mail de contact: contact@wynapsautos.com[\/vc_column_text][vc_column_text css=&#8221;.vc_custom_1591265439475{margin-bottom: 30px !important;}&#8221;]<\/p>\n<h5 class=\"text-red\">DONN\u00c9ES PERSONNELLES DE L&#8217;UTILISATEUR<\/h5>\n<p><span class=\"goog-text-highlight\">Conform\u00e9ment \u00e0 la r\u00e9glementation europ\u00e9enne en vigueur en mati\u00e8re de s\u00e9curit\u00e9 informatique et de protection des donn\u00e9es personnelles des consommateurs, les donn\u00e9es des utilisateurs du wynapsautos.com sont collect\u00e9es et trait\u00e9es par: WYNAPS sasu, au capital de 10000 \u20ac sous le num\u00e9ro d&#8217;enregistrement 838 891 109 \u00e0 Nantes RCS. <\/span>Le si\u00e8ge social est situ\u00e9: 295, route des Landes de la Pl\u00e9e 44115 Basse Goulaine (num\u00e9ro de TVA: FR 94 838 891 109)<\/p>\n<p>Dans le cadre des Services propos\u00e9s par wynapsautos.com, un certain nombre de donn\u00e9es obligatoires seront demand\u00e9es aux utilisateurs tels que leurs noms, pr\u00e9noms, adresse, t\u00e9l\u00e9phone, etc.,<\/p>\n<p>Ces donn\u00e9es personnelles ne seront transmises aux services de wynapsautos.com et de ses soci\u00e9t\u00e9s affili\u00e9es que dans la mesure strictement n\u00e9cessaire \u00e0 l&#8217;ex\u00e9cution du service.<\/p>\n<p>wynapsautos.com s&#8217;engage donc \u00e0 ne pas vendre ni communiquer \u00e0 des tiers les donn\u00e9es de ses Utilisateurs.<\/p>\n<p>Le site assure \u00e0 l&#8217;utilisateur une collecte et un traitement des informations personnelles dans le respect de la vie priv\u00e9e conform\u00e9ment \u00e0 la loi n \u00b0 78-17 du 6 janvier 1978 relative \u00e0 l&#8217;informatique, aux fichiers et aux libert\u00e9s.<\/p>\n<p>Le site est d\u00e9clar\u00e9 \u00e0 la CNIL sous le num\u00e9ro [en cours].<\/p>\n<p>En vertu des articles 39 et 40 de la loi du 6 janvier 1978, l&#8217;utilisateur dispose d&#8217;un droit d&#8217;acc\u00e8s, de rectification, de suppression et d&#8217;opposition \u00e0 ses donn\u00e9es personnelles. L&#8217;utilisateur exerce ce droit via:\u00a0 un formulaire de contact ou par mail \u00e0 contact@wynapsautos.com[\/vc_column_text][vc_column_text]<\/p>\n<h5 class=\"text-red\">CREDITS<\/h5>\n<p>&lt;a href=&#8217;https:\/\/fr.freepik.com\/photos-vecteurs-libre\/vente&#8217;&gt;Vente photo cr\u00e9\u00e9 par senivpetro &#8211; fr.freepik.com&lt;\/a&gt;<\/p>\n<p>&lt;a href=&#8221;https:\/\/www.freepik.com\/free-photo\/female-salesperson-car-showroom-by-car_5915098.htm#page=16&amp;position=41&amp;from_view=author&#8221;&gt;Image by senivpetro&lt;\/a&gt; on Freepik<\/p>\n<p>&lt;a href=&#8221;https:\/\/www.freepik.com\/free-photo\/happy-customer-car-showroom-making-good-deal_5915068.htm#page=10&amp;position=20&amp;from_view=author&#8221;&gt;Image by senivpetro&lt;\/a&gt; on Freepik[\/vc_column_text][\/vc_column][\/vc_row]<\/p>\n","protected":false},"excerpt":{"rendered":"<p>[vc_row][vc_column][vc_column_text css=&#8221;.vc_custom_1591265414745{margin-bottom: 30px !important;}&#8221;] H\u00c9BERGEMENT DU SITE WEB OVH\u00a0\u00a0SAS au capital de 10 059 500 \u20ac RCS Lille M\u00e9tropole 424 761 419 00045 Code APE 6202A N \u00b0 TVA: FR 22 424 761 419 Si\u00e8ge social: 2 rue Kellermann 59100 Roubaix France[\/vc_column_text][vc_column_text css=&#8221;.vc_custom_1591265425762{margin-bottom: 30px !important;}&#8221;] FONCTIONNEMENT DU SITE WEB Le site wynapsautos.com est exploit\u00e9s par: [&hellip;]<\/p>\n","protected":false},"author":1,"featured_media":0,"parent":0,"menu_order":0,"comment_status":"closed","ping_status":"closed","template":"","meta":{"footnotes":""},"class_list":["post-8437","page","type-page","status-publish","hentry"],"jetpack_sharing_enabled":true,"_links":{"self":[{"href":"https:\/\/wynapsautos.com\/index.php\/wp-json\/wp\/v2\/pages\/8437","targetHints":{"allow":["GET"]}}],"collection":[{"href":"https:\/\/wynapsautos.com\/index.php\/wp-json\/wp\/v2\/pages"}],"about":[{"href":"https:\/\/wynapsautos.com\/index.php\/wp-json\/wp\/v2\/types\/page"}],"author":[{"embeddable":true,"href":"https:\/\/wynapsautos.com\/index.php\/wp-json\/wp\/v2\/users\/1"}],"replies":[{"embeddable":true,"href":"https:\/\/wynapsautos.com\/index.php\/wp-json\/wp\/v2\/comments?post=8437"}],"version-history":[{"count":10,"href":"https:\/\/wynapsautos.com\/index.php\/wp-json\/wp\/v2\/pages\/8437\/revisions"}],"predecessor-version":[{"id":229625,"href":"https:\/\/wynapsautos.com\/index.php\/wp-json\/wp\/v2\/pages\/8437\/revisions\/229625"}],"wp:attachment":[{"href":"https:\/\/wynapsautos.com\/index.php\/wp-json\/wp\/v2\/media?parent=8437"}],"curies":[{"name":"wp","href":"https:\/\/api.w.org\/{rel}","templated":true}]}}