{"id":7395,"date":"2018-07-23T07:58:07","date_gmt":"2018-07-23T05:58:07","guid":{"rendered":"http:\/\/192.168.0.187\/wordpressProjects\/cardealer_theme\/sample_data\/?page_id=2"},"modified":"2023-09-06T09:24:55","modified_gmt":"2023-09-06T07:24:55","slug":"atelier","status":"publish","type":"page","link":"https:\/\/wynapsautos.com\/index.php\/atelier\/","title":{"rendered":"Atelier"},"content":{"rendered":"<p>[vc_row][vc_column]\t<div id=\"cd_space_69f9f9302160a\" class=\"cd-space cd-space-69f9f93021620  vc_custom_1692025312187\" data-id=\"69f9f93021609\" data-tablet=\"70\" data-tablet-portrait=\"60\" data-mobile=\"50\" data-mobile-portrait=\"40\" data-desktop=\"80\" style=\"clear:both; display:block;\"><\/div>\n\t\t<div class=\"section-title text-center style_1\">\n\t\t\t\t\t\t<span><\/span>\n\t\t\t\t\t\t\t<h5>NOS PRESTATIONS<\/h5>\n\t\t\t\t\t\t\t<div class=\"separator\"><\/div>\n\t\t\t\t\t<\/div>\n\t[\/vc_column][\/vc_row][vc_row][vc_column width=&#8221;1\/4&#8243;][vc_column_text]<\/p>\n<h5 style=\"text-align: center;\">VIDANGE<\/h5>\n<p style=\"text-align: center;\"><img loading=\"lazy\" decoding=\"async\" class=\"alignnone size-full wp-image-229576\" src=\"https:\/\/wynapsautos.com\/wp-content\/uploads\/2023\/08\/picto_menu_service_vidange.png\" alt=\"\" width=\"66\" height=\"66\" srcset=\"https:\/\/wynapsautos.com\/wp-content\/uploads\/2023\/08\/picto_menu_service_vidange.png 66w, https:\/\/wynapsautos.com\/wp-content\/uploads\/2023\/08\/picto_menu_service_vidange-50x50.png 50w\" sizes=\"auto, (max-width: 66px) 100vw, 66px\" \/><\/p>\n<p style=\"text-align: center;\">Les lubrifiants, garants d\u2019un fonctionnement moteur optimal<\/p>\n<p>[\/vc_column_text][\/vc_column][vc_column width=&#8221;1\/4&#8243;][vc_column_text]<\/p>\n<h5 class=\"page-title\" style=\"text-align: center;\">R\u00c9VISION<\/h5>\n<p style=\"text-align: center;\"><img loading=\"lazy\" decoding=\"async\" class=\"alignnone size-full wp-image-229589\" src=\"https:\/\/wynapsautos.com\/wp-content\/uploads\/2023\/08\/picto_menu_service_revision.png\" alt=\"\" width=\"66\" height=\"66\" srcset=\"https:\/\/wynapsautos.com\/wp-content\/uploads\/2023\/08\/picto_menu_service_revision.png 66w, https:\/\/wynapsautos.com\/wp-content\/uploads\/2023\/08\/picto_menu_service_revision-50x50.png 50w\" sizes=\"auto, (max-width: 66px) 100vw, 66px\" \/><\/p>\n<p style=\"text-align: center;\">Une stricte v\u00e9rification des points essentiels et le remplacement des pi\u00e8ces d\u2019usure selon les pr\u00e9conisations constructeur<\/p>\n<p>[\/vc_column_text][\/vc_column][vc_column width=&#8221;1\/4&#8243;][vc_column_text]<\/p>\n<h5 class=\"page-title\" style=\"text-align: center;\">PNEUMATIQUES<\/h5>\n<p style=\"text-align: center;\"><img loading=\"lazy\" decoding=\"async\" class=\"alignnone size-full wp-image-229588\" src=\"https:\/\/wynapsautos.com\/wp-content\/uploads\/2023\/08\/picto_menu_service_pneumatique.png\" alt=\"\" width=\"66\" height=\"66\" srcset=\"https:\/\/wynapsautos.com\/wp-content\/uploads\/2023\/08\/picto_menu_service_pneumatique.png 66w, https:\/\/wynapsautos.com\/wp-content\/uploads\/2023\/08\/picto_menu_service_pneumatique-50x50.png 50w\" sizes=\"auto, (max-width: 66px) 100vw, 66px\" \/><\/p>\n<p style=\"text-align: center;\">Pneumatiques : le lien essentiel \u00e0 ne pas n\u00e9gliger<\/p>\n<p>[\/vc_column_text][\/vc_column][vc_column width=&#8221;1\/4&#8243;][vc_column_text]<\/p>\n<h5 class=\"page-title\" style=\"text-align: center;\">FREINAGE<\/h5>\n<p class=\"c-prestation__txt\" style=\"text-align: center;\"><img loading=\"lazy\" decoding=\"async\" class=\"alignnone size-full wp-image-229595\" src=\"https:\/\/wynapsautos.com\/wp-content\/uploads\/2023\/08\/picto_menu_service_freinage.png\" alt=\"\" width=\"71\" height=\"69\" srcset=\"https:\/\/wynapsautos.com\/wp-content\/uploads\/2023\/08\/picto_menu_service_freinage.png 71w, https:\/\/wynapsautos.com\/wp-content\/uploads\/2023\/08\/picto_menu_service_freinage-50x50.png 50w\" sizes=\"auto, (max-width: 71px) 100vw, 71px\" \/><\/p>\n<p class=\"c-prestation__txt\" style=\"text-align: center;\">Un freinage efficace pour une parfaite ma\u00eetrise de votre v\u00e9hicule<\/p>\n<p>[\/vc_column_text][\/vc_column][\/vc_row][vc_row][vc_column width=&#8221;1\/4&#8243;][vc_column_text]<\/p>\n<h5 style=\"text-align: center;\">CLIMATISATION<\/h5>\n<p style=\"text-align: center;\"><img loading=\"lazy\" decoding=\"async\" class=\"alignnone wp-image-229584 size-full\" src=\"https:\/\/wynapsautos.com\/wp-content\/uploads\/2023\/08\/picto_menu_service_climatisation.png\" alt=\"\" width=\"66\" height=\"66\" srcset=\"https:\/\/wynapsautos.com\/wp-content\/uploads\/2023\/08\/picto_menu_service_climatisation.png 66w, https:\/\/wynapsautos.com\/wp-content\/uploads\/2023\/08\/picto_menu_service_climatisation-50x50.png 50w\" sizes=\"auto, (max-width: 66px) 100vw, 66px\" \/><\/p>\n<p style=\"text-align: center;\">Un \u00e9l\u00e9ment de confort et de s\u00e9curit\u00e9, hiver comme \u00e9t\u00e9 !<\/p>\n<p>[\/vc_column_text][\/vc_column][vc_column width=&#8221;1\/4&#8243;][vc_column_text]<\/p>\n<h5 class=\"page-title\" style=\"text-align: center;\">BATTERIE<\/h5>\n<p style=\"text-align: center;\"><img loading=\"lazy\" decoding=\"async\" class=\"alignnone wp-image-229583 size-full\" src=\"https:\/\/wynapsautos.com\/wp-content\/uploads\/2023\/08\/picto_menu_service_batterie.png\" alt=\"\" width=\"66\" height=\"66\" srcset=\"https:\/\/wynapsautos.com\/wp-content\/uploads\/2023\/08\/picto_menu_service_batterie.png 66w, https:\/\/wynapsautos.com\/wp-content\/uploads\/2023\/08\/picto_menu_service_batterie-50x50.png 50w\" sizes=\"auto, (max-width: 66px) 100vw, 66px\" \/><\/p>\n<p style=\"text-align: center;\">Acteur de premier ordre, la batterie permet de d\u00e9marrer le moteur et d&#8217;alimenter la totalit\u00e9 du circuit \u00e9lectrique de votre v\u00e9hicule<\/p>\n<p>[\/vc_column_text][\/vc_column][vc_column width=&#8221;1\/4&#8243;][vc_column_text]<\/p>\n<h5 class=\"page-title\" style=\"text-align: center;\">VISIBILIT\u00c9<\/h5>\n<p style=\"text-align: center;\"><img loading=\"lazy\" decoding=\"async\" class=\"alignnone wp-image-229592 size-full\" src=\"https:\/\/wynapsautos.com\/wp-content\/uploads\/2023\/08\/picto_menu_service_visibilite.png\" alt=\"\" width=\"66\" height=\"66\" srcset=\"https:\/\/wynapsautos.com\/wp-content\/uploads\/2023\/08\/picto_menu_service_visibilite.png 66w, https:\/\/wynapsautos.com\/wp-content\/uploads\/2023\/08\/picto_menu_service_visibilite-50x50.png 50w\" sizes=\"auto, (max-width: 66px) 100vw, 66px\" \/><\/p>\n<p style=\"text-align: center;\">Bien voir et \u00eatre bien vu<\/p>\n<p>[\/vc_column_text][\/vc_column][vc_column width=&#8221;1\/4&#8243;][vc_column_text]<\/p>\n<h5 class=\"page-title\" style=\"text-align: center;\">R\u00c9PARATION ELECTRONIQUES<\/h5>\n<p class=\"c-prestation__txt\" style=\"text-align: center;\"><img loading=\"lazy\" decoding=\"async\" class=\"alignnone wp-image-229598 size-full\" src=\"https:\/\/wynapsautos.com\/wp-content\/uploads\/2023\/08\/reparation_autoradio1-1.png\" alt=\"\" width=\"77\" height=\"77\" srcset=\"https:\/\/wynapsautos.com\/wp-content\/uploads\/2023\/08\/reparation_autoradio1-1.png 77w, https:\/\/wynapsautos.com\/wp-content\/uploads\/2023\/08\/reparation_autoradio1-1-50x50.png 50w\" sizes=\"auto, (max-width: 77px) 100vw, 77px\" \/><\/p>\n<p class=\"c-prestation__txt\" style=\"text-align: center;\">Ne changez plus, r\u00e9parez !<\/p>\n<p>[\/vc_column_text][\/vc_column][\/vc_row][vc_row][vc_column width=&#8221;1\/4&#8243;][vc_column_text]<\/p>\n<h5 style=\"text-align: center;\">ECHAPPEMENT<\/h5>\n<p style=\"text-align: center;\"><img loading=\"lazy\" decoding=\"async\" class=\"alignnone wp-image-229586 size-full\" src=\"https:\/\/wynapsautos.com\/wp-content\/uploads\/2023\/08\/picto_menu_service_echapement.png\" alt=\"\" width=\"67\" height=\"66\" srcset=\"https:\/\/wynapsautos.com\/wp-content\/uploads\/2023\/08\/picto_menu_service_echapement.png 67w, https:\/\/wynapsautos.com\/wp-content\/uploads\/2023\/08\/picto_menu_service_echapement-50x50.png 50w\" sizes=\"auto, (max-width: 67px) 100vw, 67px\" \/><\/p>\n<p style=\"text-align: center;\">Un \u00e9l\u00e9ment essentiel qui pr\u00e9serve les performances, le niveau sonore et contribue \u00e0 la protection de l\u2019environnement.<\/p>\n<p>[\/vc_column_text][\/vc_column][vc_column width=&#8221;1\/4&#8243;][vc_column_text]<\/p>\n<h5 class=\"page-title\" style=\"text-align: center;\">KIT DE DISTRIBUTION<\/h5>\n<p style=\"text-align: center;\"><img loading=\"lazy\" decoding=\"async\" class=\"alignnone wp-image-229585 size-full\" src=\"https:\/\/wynapsautos.com\/wp-content\/uploads\/2023\/08\/picto_menu_service_distribution.png\" alt=\"\" width=\"66\" height=\"66\" srcset=\"https:\/\/wynapsautos.com\/wp-content\/uploads\/2023\/08\/picto_menu_service_distribution.png 66w, https:\/\/wynapsautos.com\/wp-content\/uploads\/2023\/08\/picto_menu_service_distribution-50x50.png 50w\" sizes=\"auto, (max-width: 66px) 100vw, 66px\" \/><\/p>\n<p style=\"text-align: center;\">La courroie de distribution est un \u00e9l\u00e9ment m\u00e9canique vital. La changer r\u00e9guli\u00e8rement permet de pr\u00e9server la vie du moteur\u2026<\/p>\n<p>[\/vc_column_text][\/vc_column][vc_column width=&#8221;1\/4&#8243;][vc_column_text]<\/p>\n<h5 class=\"page-title\" style=\"text-align: center;\">SUSPENSION<\/h5>\n<p style=\"text-align: center;\"><img loading=\"lazy\" decoding=\"async\" class=\"alignnone wp-image-229590 size-full\" src=\"https:\/\/wynapsautos.com\/wp-content\/uploads\/2023\/08\/picto_menu_service_suspension.png\" alt=\"\" width=\"66\" height=\"66\" srcset=\"https:\/\/wynapsautos.com\/wp-content\/uploads\/2023\/08\/picto_menu_service_suspension.png 66w, https:\/\/wynapsautos.com\/wp-content\/uploads\/2023\/08\/picto_menu_service_suspension-50x50.png 50w\" sizes=\"auto, (max-width: 66px) 100vw, 66px\" \/><\/p>\n<p style=\"text-align: center;\">Des ressorts et des amortisseurs en bon \u00e9tat garantissent confort, tenue de route et freinage efficace<\/p>\n<p>[\/vc_column_text][\/vc_column][vc_column width=&#8221;1\/4&#8243;][vc_column_text]<\/p>\n<h5 class=\"page-title\" style=\"text-align: center;\">PR\u00c9-CONTR\u00d4LE TECHNIQUE<\/h5>\n<p class=\"c-prestation__txt\" style=\"text-align: center;\"><img loading=\"lazy\" decoding=\"async\" class=\"alignnone wp-image-229600 size-full\" src=\"https:\/\/wynapsautos.com\/wp-content\/uploads\/2023\/08\/picto_menu_service_controle_technique.png\" alt=\"\" width=\"67\" height=\"66\" srcset=\"https:\/\/wynapsautos.com\/wp-content\/uploads\/2023\/08\/picto_menu_service_controle_technique.png 67w, https:\/\/wynapsautos.com\/wp-content\/uploads\/2023\/08\/picto_menu_service_controle_technique-50x50.png 50w\" sizes=\"auto, (max-width: 67px) 100vw, 67px\" \/><\/p>\n<p class=\"c-prestation__txt\" style=\"text-align: center;\">Pour \u00e9viter les d\u00e9sagr\u00e9ments et le co\u00fbt d\u2019une contre-visite<\/p>\n<p>[\/vc_column_text][\/vc_column][\/vc_row][vc_row][vc_column width=&#8221;1\/4&#8243;][vc_column_text]<\/p>\n<h5 class=\"page-title\" style=\"text-align: center;\">M\u00c9CANIQUE<\/h5>\n<p style=\"text-align: center;\"><img loading=\"lazy\" decoding=\"async\" class=\"alignnone wp-image-229587 size-full\" src=\"https:\/\/wynapsautos.com\/wp-content\/uploads\/2023\/08\/picto_menu_service_mecanique.png\" alt=\"\" width=\"67\" height=\"66\" srcset=\"https:\/\/wynapsautos.com\/wp-content\/uploads\/2023\/08\/picto_menu_service_mecanique.png 67w, https:\/\/wynapsautos.com\/wp-content\/uploads\/2023\/08\/picto_menu_service_mecanique-50x50.png 50w\" sizes=\"auto, (max-width: 67px) 100vw, 67px\" \/><\/p>\n<p style=\"text-align: center;\">Dans le r\u00e9seau EUROREPAR Car Service, toutes les interventions sont possibles sur votre v\u00e9hicule, quelle que soit sa marque<\/p>\n<p>[\/vc_column_text][\/vc_column][vc_column width=&#8221;1\/4&#8243;][vc_column_text]<\/p>\n<h5 class=\"page-title\" style=\"text-align: center;\">CARROSSERIE<\/h5>\n<p style=\"text-align: center;\"><img loading=\"lazy\" decoding=\"async\" class=\"alignnone wp-image-229582 size-full\" src=\"https:\/\/wynapsautos.com\/wp-content\/uploads\/2023\/08\/carrosserie.png\" alt=\"\" width=\"77\" height=\"77\" srcset=\"https:\/\/wynapsautos.com\/wp-content\/uploads\/2023\/08\/carrosserie.png 77w, https:\/\/wynapsautos.com\/wp-content\/uploads\/2023\/08\/carrosserie-50x50.png 50w\" sizes=\"auto, (max-width: 77px) 100vw, 77px\" \/><\/p>\n<p style=\"text-align: center;\">Remplacement, d\u00e9bosselage, redressage, peinture, mastic, etc&#8230;<\/p>\n<p>[\/vc_column_text][\/vc_column][vc_column width=&#8221;1\/4&#8243;][vc_column_text]<\/p>\n<h5 class=\"page-title\" style=\"text-align: center;\">PARE-BRISE<\/h5>\n<p style=\"text-align: center;\"><img loading=\"lazy\" decoding=\"async\" class=\"alignnone wp-image-229593 size-full\" src=\"https:\/\/wynapsautos.com\/wp-content\/uploads\/2023\/08\/vitrage.png\" alt=\"\" width=\"77\" height=\"77\" srcset=\"https:\/\/wynapsautos.com\/wp-content\/uploads\/2023\/08\/vitrage.png 77w, https:\/\/wynapsautos.com\/wp-content\/uploads\/2023\/08\/vitrage-50x50.png 50w\" sizes=\"auto, (max-width: 77px) 100vw, 77px\" \/><\/p>\n<p style=\"text-align: center;\">Bien voir et \u00eatre bien vu<\/p>\n<p>[\/vc_column_text][\/vc_column][\/vc_row][vc_row][vc_column width=&#8221;1\/4&#8243;][\/vc_column][vc_column width=&#8221;1\/4&#8243;][\/vc_column][vc_column width=&#8221;1\/4&#8243;][\/vc_column][vc_column width=&#8221;1\/4&#8243;][\/vc_column][\/vc_row][vc_row][vc_column]\t<div id=\"cd_space_69f9f9302164d\" class=\"cd-space cd-space-69f9f9302164f\" data-id=\"69f9f9302164c\" data-tablet=\"70\" data-tablet-portrait=\"60\" data-mobile=\"50\" data-mobile-portrait=\"40\" data-desktop=\"80\" style=\"clear:both; display:block;\"><\/div>\n\t\t<div id=\"cd_space_69f9f93021663\" class=\"cd-space cd-space-69f9f93021664\" data-id=\"69f9f93021662\" data-tablet=\"15\" data-tablet-portrait=\"10\" data-mobile=\"5\" data-mobile-portrait=\"3\" data-desktop=\"20\" style=\"clear:both; display:block;\"><\/div>\n\t[\/vc_column][\/vc_row][vc_row][vc_column width=&#8221;1\/3&#8243;][vc_column_text css_animation=&#8221;fadeIn&#8221; css=&#8221;.vc_custom_1692031140286{padding-top: 20px !important;padding-bottom: 20px !important;background-color: #dc4405 !important;}&#8221;]<\/p>\n<h5 style=\"text-align: center;\"><span style=\"color: #ffffff;\"><a style=\"color: #ffffff;\" href=\"https:\/\/www.eurorepar.fr\/garage-wynaps-autos-la-chapelle-sur-erdre-11827.html\" target=\"_blank\" rel=\"noopener\">PRENDRE UN RENDEZ-VOUS EN LIGNE<\/a><\/span><\/h5>\n<p>[\/vc_column_text][vc_column_text css_animation=&#8221;fadeIn&#8221; css=&#8221;.vc_custom_1692031154676{padding-top: 20px !important;padding-bottom: 20px !important;}&#8221;]<\/p>\n<h5 style=\"text-align: center;\"><a href=\"https:\/\/www.eurorepar.fr\/garage-wynaps-autos-la-chapelle-sur-erdre-11827.html\" target=\"_blank\" rel=\"noopener\"><img loading=\"lazy\" decoding=\"async\" class=\"alignnone size-medium wp-image-229572\" src=\"https:\/\/wynapsautos.com\/wp-content\/uploads\/2023\/08\/Logo-Eurorepar_Wynaps-2B-14-08-23-300x54.png\" alt=\"\" width=\"300\" height=\"54\" srcset=\"https:\/\/wynapsautos.com\/wp-content\/uploads\/2023\/08\/Logo-Eurorepar_Wynaps-2B-14-08-23-300x54.png 300w, https:\/\/wynapsautos.com\/wp-content\/uploads\/2023\/08\/Logo-Eurorepar_Wynaps-2B-14-08-23-1024x186.png 1024w, https:\/\/wynapsautos.com\/wp-content\/uploads\/2023\/08\/Logo-Eurorepar_Wynaps-2B-14-08-23-768x139.png 768w, https:\/\/wynapsautos.com\/wp-content\/uploads\/2023\/08\/Logo-Eurorepar_Wynaps-2B-14-08-23-1536x278.png 1536w, https:\/\/wynapsautos.com\/wp-content\/uploads\/2023\/08\/Logo-Eurorepar_Wynaps-2B-14-08-23.png 2047w\" sizes=\"auto, (max-width: 300px) 100vw, 300px\" \/><\/a><\/h5>\n<p>[\/vc_column_text][\/vc_column][vc_column parallax=&#8221;content-moving&#8221; width=&#8221;1\/3&#8243;][vc_single_image image=&#8221;229626&#8243; img_size=&#8221;medium&#8221; onclick=&#8221;custom_link&#8221; img_link_target=&#8221;_blank&#8221; link=&#8221;https:\/\/www.eurorepar.fr\/garage-wynaps-autos-la-chapelle-sur-erdre-11827.html&#8221;][\/vc_column][vc_column width=&#8221;1\/3&#8243;][\/vc_column][\/vc_row][vc_row][vc_column]\t<div id=\"cd_space_69f9f93021671\" class=\"cd-space cd-space-69f9f93021672\" data-id=\"69f9f93021670\" data-tablet=\"70\" data-tablet-portrait=\"60\" data-mobile=\"40\" data-mobile-portrait=\"10\" data-desktop=\"50\" style=\"clear:both; display:block;\"><\/div>\n\t[\/vc_column][\/vc_row]<\/p>\n","protected":false},"excerpt":{"rendered":"<p>[vc_row][vc_column][\/vc_column][\/vc_row][vc_row][vc_column width=&#8221;1\/4&#8243;][vc_column_text] VIDANGE Les lubrifiants, garants d\u2019un fonctionnement moteur optimal [\/vc_column_text][\/vc_column][vc_column width=&#8221;1\/4&#8243;][vc_column_text] R\u00c9VISION Une stricte v\u00e9rification des points essentiels et le remplacement des pi\u00e8ces d\u2019usure selon les pr\u00e9conisations constructeur [\/vc_column_text][\/vc_column][vc_column width=&#8221;1\/4&#8243;][vc_column_text] PNEUMATIQUES Pneumatiques : le lien essentiel \u00e0 ne pas n\u00e9gliger [\/vc_column_text][\/vc_column][vc_column width=&#8221;1\/4&#8243;][vc_column_text] FREINAGE Un freinage efficace pour une parfaite ma\u00eetrise de votre v\u00e9hicule [\/vc_column_text][\/vc_column][\/vc_row][vc_row][vc_column [&hellip;]<\/p>\n","protected":false},"author":1,"featured_media":0,"parent":0,"menu_order":0,"comment_status":"closed","ping_status":"closed","template":"templates\/page-vc_compatible.php","meta":{"footnotes":""},"class_list":["post-7395","page","type-page","status-publish","hentry"],"jetpack_sharing_enabled":true,"_links":{"self":[{"href":"https:\/\/wynapsautos.com\/index.php\/wp-json\/wp\/v2\/pages\/7395","targetHints":{"allow":["GET"]}}],"collection":[{"href":"https:\/\/wynapsautos.com\/index.php\/wp-json\/wp\/v2\/pages"}],"about":[{"href":"https:\/\/wynapsautos.com\/index.php\/wp-json\/wp\/v2\/types\/page"}],"author":[{"embeddable":true,"href":"https:\/\/wynapsautos.com\/index.php\/wp-json\/wp\/v2\/users\/1"}],"replies":[{"embeddable":true,"href":"https:\/\/wynapsautos.com\/index.php\/wp-json\/wp\/v2\/comments?post=7395"}],"version-history":[{"count":70,"href":"https:\/\/wynapsautos.com\/index.php\/wp-json\/wp\/v2\/pages\/7395\/revisions"}],"predecessor-version":[{"id":229679,"href":"https:\/\/wynapsautos.com\/index.php\/wp-json\/wp\/v2\/pages\/7395\/revisions\/229679"}],"wp:attachment":[{"href":"https:\/\/wynapsautos.com\/index.php\/wp-json\/wp\/v2\/media?parent=7395"}],"curies":[{"name":"wp","href":"https:\/\/api.w.org\/{rel}","templated":true}]}}