{"id":2690,"date":"2017-02-13T04:56:07","date_gmt":"2017-02-13T04:56:07","guid":{"rendered":"http:\/\/themes.potenzaglobal.com\/cardealer\/?page_id=2690"},"modified":"2020-09-01T11:44:07","modified_gmt":"2020-09-01T09:44:07","slug":"contact","status":"publish","type":"page","link":"https:\/\/wynapsautos.com\/index.php\/contact\/","title":{"rendered":"Contact"},"content":{"rendered":"<p>[vc_row][vc_column]\t<div id=\"cd_space_6a00837c8d55c\" class=\"cd-space cd-space-6a00837c8d564\" data-id=\"6a00837c8d55b\" data-tablet=\"70\" data-tablet-portrait=\"60\" data-mobile=\"50\" data-mobile-portrait=\"40\" data-desktop=\"80\" style=\"clear:both; display:block;\"><\/div>\n\t\t<div class=\"section-title text-left style_1\">\n\t\t\t\t\t\t<span>Formulaire de contact<\/span>\n\t\t\t\t\t\t\t<h1>NOUS CONTACTER<\/h1>\n\t\t\t\t\t\t\t<div class=\"separator\"><\/div>\n\t\t\t\t\t<\/div>\n\t[vc_row_inner][vc_column_inner width=&#8221;1\/2&#8243; offset=&#8221;vc_col-lg-8 vc_col-md-6&#8243;][vc_column_text css=&#8221;.vc_custom_1598953418052{margin-bottom: 30px !important;}&#8221;]<\/p>\n<h5>Vous souhaitez obtenir un conseil ou une information<\/h5>\n<p>N&#8217;h\u00e9sitez pas \u00e0 nous envoyer un message. Nous vous r\u00e9pondrons dans les 24 heures![\/vc_column_text][vc_column_text]\n<div class=\"wpcf7 no-js\" id=\"wpcf7-f8431-o1\" lang=\"fr-FR\" dir=\"ltr\" data-wpcf7-id=\"8431\">\n<div class=\"screen-reader-response\"><p role=\"status\" aria-live=\"polite\" aria-atomic=\"true\"><\/p> <ul><\/ul><\/div>\n<form action=\"\/index.php\/wp-json\/wp\/v2\/pages\/2690#wpcf7-f8431-o1\" method=\"post\" class=\"wpcf7-form init\" aria-label=\"Formulaire de contact\" novalidate=\"novalidate\" data-status=\"init\">\n<fieldset class=\"hidden-fields-container\"><input type=\"hidden\" name=\"_wpcf7\" value=\"8431\" \/><input type=\"hidden\" name=\"_wpcf7_version\" value=\"6.1.5\" \/><input type=\"hidden\" name=\"_wpcf7_locale\" value=\"fr_FR\" \/><input type=\"hidden\" name=\"_wpcf7_unit_tag\" value=\"wpcf7-f8431-o1\" \/><input type=\"hidden\" name=\"_wpcf7_container_post\" value=\"0\" \/><input type=\"hidden\" name=\"_wpcf7_posted_data_hash\" value=\"\" \/><input type=\"hidden\" name=\"_wpcf7_recaptcha_response\" value=\"\" \/>\n<\/fieldset>\n<div class=\"contact-form row\">\n\t<div class=\"col-sm-12\">\n\t\t<div class=\"form-group\">\n\t\t\t<p><span class=\"wpcf7-form-control-wrap\" data-name=\"your-name\"><input size=\"40\" maxlength=\"400\" class=\"wpcf7-form-control wpcf7-text wpcf7-validates-as-required\" aria-required=\"true\" aria-invalid=\"false\" placeholder=\"Nom*\" value=\"\" type=\"text\" name=\"your-name\" \/><\/span>\n\t\t\t<\/p>\n\t\t<\/div>\n\t<\/div>\n\t<div class=\"col-sm-12\">\n\t\t<div class=\"form-group\">\n\t\t\t<p><span class=\"wpcf7-form-control-wrap\" data-name=\"email\"><input size=\"40\" maxlength=\"400\" class=\"wpcf7-form-control wpcf7-email wpcf7-validates-as-required wpcf7-text wpcf7-validates-as-email\" aria-required=\"true\" aria-invalid=\"false\" placeholder=\"Email*\" value=\"\" type=\"email\" name=\"email\" \/><\/span>\n\t\t\t<\/p>\n\t\t<\/div>\n\t<\/div>\n\t<div class=\"col-sm-12\">\n\t\t<div class=\"form-group\">\n\t\t\t<p><span class=\"wpcf7-form-control-wrap\" data-name=\"phone\"><input size=\"40\" maxlength=\"400\" class=\"wpcf7-form-control wpcf7-text wpcf7-validates-as-required\" aria-required=\"true\" aria-invalid=\"false\" placeholder=\"T\u00e9l\u00e9phone*\" value=\"\" type=\"text\" name=\"phone\" \/><\/span>\n\t\t\t<\/p>\n\t\t<\/div>\n\t<\/div>\n\t<div class=\"col-sm-12\">\n\t\t<div class=\"form-group\">\n\t\t\t<p><span class=\"wpcf7-form-control-wrap\" data-name=\"message\"><textarea cols=\"40\" rows=\"10\" maxlength=\"2000\" class=\"wpcf7-form-control wpcf7-textarea wpcf7-validates-as-required\" aria-required=\"true\" aria-invalid=\"false\" placeholder=\"Message*\" name=\"message\"><\/textarea><\/span>\n\t\t\t<\/p>\n\t\t<\/div>\n\t<\/div>\n\t<div class=\"col-sm-12\">\n\t\t<p><input class=\"wpcf7-form-control wpcf7-submit has-spinner button red\" type=\"submit\" value=\"Envoyer\" \/>\n\t\t<\/p>\n\t<\/div>\n<\/div><div class=\"wpcf7-response-output\" aria-hidden=\"true\"><\/div>\n<\/form>\n<\/div>\n[\/vc_column_text]\t<div id=\"cd_space_6a00837c8e4ed\" class=\"cd-space cd-space-6a00837c8e4f4\" data-id=\"6a00837c8e4ec\" data-tablet=\"70\" data-tablet-portrait=\"60\" data-mobile=\"50\" data-mobile-portrait=\"40\" data-desktop=\"80\" style=\"clear:both; display:block;\"><\/div>\n\t[\/vc_column_inner][vc_column_inner width=&#8221;1\/2&#8243; offset=&#8221;vc_col-lg-4 vc_col-md-6&#8243;]\t<div id=\"cd_feature_box_cd_feature_box_6a00837c8e50e\" class=\"feature-box feature-border style-7  vc_custom_1598953444707 round-border box-hover no-image\t\t\t\t\t\t\">\n\t\t\t\t<div class=\"icon\">\n\t\t\t<i class=\"fas fa-map-marker-alt\"><\/i>\n\t\t<\/div>\n\t\t<div class=\"content\">\n\t\t\t<a  id=\"cd_feature_box_6a00837c8e50e\">        \t\t\n\t\t\t\t<h6>Adresse<\/h6>\t\t\t<\/a>\n\t\t\t<p>15 RUE KEPLER - ZAC DE LA GESVRINE - 44240 LA CHAPELLE SUR ERDRE<\/p>\t\t<\/div>\n\t<\/div>\n\t\t<div id=\"cd_feature_box_cd_feature_box_6a00837c8e53f\" class=\"feature-box feature-border style-7  vc_custom_1592804328125 round-border box-hover no-image\t\t\t\t\t\t\">\n\t\t\t\t<div class=\"icon\">\n\t\t\t<i class=\"fas fa-phone\"><\/i>\n\t\t<\/div>\n\t\t<div class=\"content\">\n\t\t\t<a  id=\"cd_feature_box_6a00837c8e53f\">        \t\t\n\t\t\t\t<h6>T\u00e9l\u00e9phone<\/h6>\t\t\t<\/a>\n\t\t\t<p>02 51 12 43 79 - 06 30 84 50 31<\/p>\t\t<\/div>\n\t<\/div>\n\t\t<div id=\"cd_feature_box_cd_feature_box_6a00837c8e553\" class=\"feature-box feature-border style-7 round-border box-hover no-image\t\t\t\t\t\t\">\n\t\t\t\t<div class=\"icon\">\n\t\t\t<i class=\"fas fa-envelope\"><\/i>\n\t\t<\/div>\n\t\t<div class=\"content\">\n\t\t\t<a  id=\"cd_feature_box_6a00837c8e553\">        \t\t\n\t\t\t\t<h6>Email<\/h6>\t\t\t<\/a>\n\t\t\t<p>contact@wynapsautos.com<\/p>\t\t<\/div>\n\t<\/div>\n\t\t<div id=\"cd_space_6a00837c8e565\" class=\"cd-space cd-space-6a00837c8e566\" data-id=\"6a00837c8e564\" data-tablet=\"50\" data-tablet-portrait=\"50\" data-mobile=\"50\" data-mobile-portrait=\"40\" data-desktop=\"50\" style=\"clear:both; display:block;\"><\/div>\n\t\t<div class=\"opening-hours gray-bg\">\n\t\t<h6>heures d&#039;ouverture<\/h6>\n\t\t<ul class=\"list-style-none\">                \n\t\t\t<li><strong>Lundi<\/strong>\n\t\t\t\t\t\t\t\t\t<span>9H00 to 19H00<\/span>\t\t\t<\/li>\n\n\t\t\t<li><strong>Mardi<\/strong>\n\t\t\t\t\t\t\t\t\t<span>9H00 to 19H00<\/span>\n\t\t\t\t\t\t\t<\/li>\n\t\t\t<li><strong>Mercredi<\/strong>\n\t\t\t\t\t\t\t\t\t<span>9H00 to 19H00<\/span>\n\t\t\t\t\t\t\t<\/li>\n\t\t\t<li><strong>Jeudi<\/strong>\n\t\t\t\t\t\t\t\t\t<span>9H00 to 19H00<\/span>\n\t\t\t\t\t\t\t<\/li>\n\t\t\t<li><strong>Vendredi<\/strong>\n\t\t\t\t\t\t\t\t\t<span>9H00 to 19H00<\/span>\n\t\t\t\t\t\t\t<\/li>\n\t\t\t<li><strong>samedi<\/strong>\n\t\t\t\t\t\t\t\t\t\t<span>9H00 to 19H00<\/span>\n\t\t\t\t\t\t\t\t\t<\/li>\n\t\t\t\t<li><strong>dimanche<\/strong>\n\t\t\t\t\t\t\t\t\t\t\t<span>Ferm\u00e9<\/span>\n\t\t\t\t\t\t\t\t\t<\/li>\n\t\t\t<\/ul>\n\t\t<\/div>\n\t\t<div id=\"cd_space_6a00837c8e5bf\" class=\"cd-space cd-space-6a00837c8e5c1\" data-id=\"6a00837c8e5be\" data-tablet=\"70\" data-tablet-portrait=\"60\" data-mobile=\"50\" data-mobile-portrait=\"40\" data-desktop=\"80\" style=\"clear:both; display:block;\"><\/div>\n\t[\/vc_column_inner][\/vc_row_inner]\t<div id=\"cd_space_6a00837c8e5cf\" class=\"cd-space cd-space-6a00837c8e5d0\" data-id=\"6a00837c8e5ce\" data-tablet=\"40\" data-tablet-portrait=\"30\" data-mobile=\"20\" data-mobile-portrait=\"10\" data-desktop=\"50\" style=\"clear:both; display:block;\"><\/div>\n\t[\/vc_column][\/vc_row][vc_row][vc_column][vc_gmaps link=&#8221;#E-8_JTNDaWZyYW1lJTIwc3JjJTNEJTIyaHR0cHMlM0ElMkYlMkZ3d3cuZ29vZ2xlLmNvbSUyRm1hcHMlMkZlbWJlZCUzRnBiJTNEJTIxMW0xOCUyMTFtMTIlMjExbTMlMjExZDI3MDcuNTkwNjk2NjM5ODc2JTIxMmQtMS41NTM5MTQ3ODQ4NjAyOTkyJTIxM2Q0Ny4yNjM3MDY0MTk1OTU3MSUyMTJtMyUyMTFmMCUyMTJmMCUyMTNmMCUyMTNtMiUyMTFpMTAyNCUyMTJpNzY4JTIxNGYxMy4xJTIxM20zJTIxMW0yJTIxMXMweDQ4MDVlZTEyOTgyYTQ0OGIlMjUzQTB4ODk1ZjRjODQ3ZjlhYWUzJTIxMnMxNSUyNTIwUnVlJTI1MjBLZXBsZXIlMjUyQyUyNTIwNDQyNDAlMjUyMExhJTI1MjBDaGFwZWxsZS1zdXItRXJkcmUlMjE1ZTAlMjEzbTIlMjExc2ZyJTIxMnNmciUyMTR2MTU5MTQzMjA5Nzc1MyUyMTVtMiUyMTFzZnIlMjEyc2ZyJTIyJTIwd2lkdGglM0QlMjI2MDAlMjIlMjBoZWlnaHQlM0QlMjI0NTAlMjIlMjBmcmFtZWJvcmRlciUzRCUyMjAlMjIlMjBzdHlsZSUzRCUyMmJvcmRlciUzQTAlM0IlMjIlMjBhbGxvd2Z1bGxzY3JlZW4lM0QlMjIlMjIlMjBhcmlhLWhpZGRlbiUzRCUyMmZhbHNlJTIyJTIwdGFiaW5kZXglM0QlMjIwJTIyJTNFJTNDJTJGaWZyYW1lJTNF&#8221;]\t<div id=\"cd_space_6a00837c8e5dd\" class=\"cd-space cd-space-6a00837c8e5de\" data-id=\"6a00837c8e5dc\" data-tablet=\"10\" data-tablet-portrait=\"10\" data-mobile=\"10\" data-mobile-portrait=\"10\" data-desktop=\"20\" style=\"clear:both; display:block;\"><\/div>\n\t[\/vc_column][\/vc_row]<\/p>\n","protected":false},"excerpt":{"rendered":"<p>[vc_row][vc_column][vc_row_inner][vc_column_inner width=&#8221;1\/2&#8243; offset=&#8221;vc_col-lg-8 vc_col-md-6&#8243;][vc_column_text css=&#8221;.vc_custom_1598953418052{margin-bottom: 30px !important;}&#8221;] Vous souhaitez obtenir un conseil ou une information N&#8217;h\u00e9sitez pas \u00e0 nous envoyer un message. Nous vous r\u00e9pondrons dans les 24 heures![\/vc_column_text][vc_column_text][\/vc_column_text][\/vc_column_inner][vc_column_inner width=&#8221;1\/2&#8243; offset=&#8221;vc_col-lg-4 vc_col-md-6&#8243;][\/vc_column_inner][\/vc_row_inner][\/vc_column][\/vc_row][vc_row][vc_column][vc_gmaps link=&#8221;#E-8_JTNDaWZyYW1lJTIwc3JjJTNEJTIyaHR0cHMlM0ElMkYlMkZ3d3cuZ29vZ2xlLmNvbSUyRm1hcHMlMkZlbWJlZCUzRnBiJTNEJTIxMW0xOCUyMTFtMTIlMjExbTMlMjExZDI3MDcuNTkwNjk2NjM5ODc2JTIxMmQtMS41NTM5MTQ3ODQ4NjAyOTkyJTIxM2Q0Ny4yNjM3MDY0MTk1OTU3MSUyMTJtMyUyMTFmMCUyMTJmMCUyMTNmMCUyMTNtMiUyMTFpMTAyNCUyMTJpNzY4JTIxNGYxMy4xJTIxM20zJTIxMW0yJTIxMXMweDQ4MDVlZTEyOTgyYTQ0OGIlMjUzQTB4ODk1ZjRjODQ3ZjlhYWUzJTIxMnMxNSUyNTIwUnVlJTI1MjBLZXBsZXIlMjUyQyUyNTIwNDQyNDAlMjUyMExhJTI1MjBDaGFwZWxsZS1zdXItRXJkcmUlMjE1ZTAlMjEzbTIlMjExc2ZyJTIxMnNmciUyMTR2MTU5MTQzMjA5Nzc1MyUyMTVtMiUyMTFzZnIlMjEyc2ZyJTIyJTIwd2lkdGglM0QlMjI2MDAlMjIlMjBoZWlnaHQlM0QlMjI0NTAlMjIlMjBmcmFtZWJvcmRlciUzRCUyMjAlMjIlMjBzdHlsZSUzRCUyMmJvcmRlciUzQTAlM0IlMjIlMjBhbGxvd2Z1bGxzY3JlZW4lM0QlMjIlMjIlMjBhcmlhLWhpZGRlbiUzRCUyMmZhbHNlJTIyJTIwdGFiaW5kZXglM0QlMjIwJTIyJTNFJTNDJTJGaWZyYW1lJTNF&#8221;][\/vc_column][\/vc_row]<\/p>\n","protected":false},"author":1,"featured_media":0,"parent":0,"menu_order":0,"comment_status":"closed","ping_status":"closed","template":"templates\/page-vc_compatible.php","meta":{"footnotes":""},"class_list":["post-2690","page","type-page","status-publish","hentry"],"jetpack_sharing_enabled":true,"_links":{"self":[{"href":"https:\/\/wynapsautos.com\/index.php\/wp-json\/wp\/v2\/pages\/2690","targetHints":{"allow":["GET"]}}],"collection":[{"href":"https:\/\/wynapsautos.com\/index.php\/wp-json\/wp\/v2\/pages"}],"about":[{"href":"https:\/\/wynapsautos.com\/index.php\/wp-json\/wp\/v2\/types\/page"}],"author":[{"embeddable":true,"href":"https:\/\/wynapsautos.com\/index.php\/wp-json\/wp\/v2\/users\/1"}],"replies":[{"embeddable":true,"href":"https:\/\/wynapsautos.com\/index.php\/wp-json\/wp\/v2\/comments?post=2690"}],"version-history":[{"count":26,"href":"https:\/\/wynapsautos.com\/index.php\/wp-json\/wp\/v2\/pages\/2690\/revisions"}],"predecessor-version":[{"id":10910,"href":"https:\/\/wynapsautos.com\/index.php\/wp-json\/wp\/v2\/pages\/2690\/revisions\/10910"}],"wp:attachment":[{"href":"https:\/\/wynapsautos.com\/index.php\/wp-json\/wp\/v2\/media?parent=2690"}],"curies":[{"name":"wp","href":"https:\/\/api.w.org\/{rel}","templated":true}]}}